{"id":2,"date":"2023-10-18T10:48:42","date_gmt":"2023-10-18T08:48:42","guid":{"rendered":"https:\/\/navi-hotel.com\/?page_id=2"},"modified":"2023-10-18T11:51:17","modified_gmt":"2023-10-18T09:51:17","slug":"a-propos","status":"publish","type":"page","link":"https:\/\/navi-hotel.com\/fr\/a-propos\/","title":{"rendered":"A propos"},"content":{"rendered":"<p>Bienvenue sur Navi H\u00f4tel, votre guide incontournable pour trouver et choisir <strong>l&rsquo;h\u00f4tel id\u00e9al<\/strong>, o\u00f9 que vous soyez dans le monde. Que vous recherchiez une <strong>escapade romantique<\/strong>, un <strong>s\u00e9jour en famille<\/strong> inoubliable, ou un h\u00e9bergement pratique lors de vos <strong>d\u00e9placements professionnels<\/strong>, nous sommes l\u00e0 pour vous guider vers la meilleure option.<\/p>\n<div id=\"ez-toc-container\" class=\"ez-toc-v2_0_82_2 counter-hierarchy ez-toc-counter ez-toc-grey ez-toc-container-direction\">\n<div class=\"ez-toc-title-container\">\n<p class=\"ez-toc-title\" style=\"cursor:inherit\">Table of Contents<\/p>\n<span class=\"ez-toc-title-toggle\"><a href=\"#\" class=\"ez-toc-pull-right ez-toc-btn ez-toc-btn-xs ez-toc-btn-default ez-toc-toggle\" aria-label=\"Toggle Table of Content\"><span class=\"ez-toc-js-icon-con\"><span class=\"\"><span class=\"eztoc-hide\" style=\"display:none;\">Toggle<\/span><span class=\"ez-toc-icon-toggle-span\"><svg style=\"fill: #999;color:#999\" xmlns=\"http:\/\/www.w3.org\/2000\/svg\" class=\"list-377408\" width=\"20px\" height=\"20px\" viewBox=\"0 0 24 24\" fill=\"none\"><path d=\"M6 6H4v2h2V6zm14 0H8v2h12V6zM4 11h2v2H4v-2zm16 0H8v2h12v-2zM4 16h2v2H4v-2zm16 0H8v2h12v-2z\" fill=\"currentColor\"><\/path><\/svg><svg style=\"fill: #999;color:#999\" class=\"arrow-unsorted-368013\" xmlns=\"http:\/\/www.w3.org\/2000\/svg\" width=\"10px\" height=\"10px\" viewBox=\"0 0 24 24\" version=\"1.2\" baseProfile=\"tiny\"><path d=\"M18.2 9.3l-6.2-6.3-6.2 6.3c-.2.2-.3.4-.3.7s.1.5.3.7c.2.2.4.3.7.3h11c.3 0 .5-.1.7-.3.2-.2.3-.5.3-.7s-.1-.5-.3-.7zM5.8 14.7l6.2 6.3 6.2-6.3c.2-.2.3-.5.3-.7s-.1-.5-.3-.7c-.2-.2-.4-.3-.7-.3h-11c-.3 0-.5.1-.7.3-.2.2-.3.5-.3.7s.1.5.3.7z\"\/><\/svg><\/span><\/span><\/span><\/a><\/span><\/div>\n<nav><ul class='ez-toc-list ez-toc-list-level-1 ' ><li class='ez-toc-page-1 ez-toc-heading-level-2'><a class=\"ez-toc-link ez-toc-heading-1\" href=\"https:\/\/navi-hotel.com\/fr\/a-propos\/#Notre_Mission\" >Notre Mission<\/a><\/li><li class='ez-toc-page-1 ez-toc-heading-level-2'><a class=\"ez-toc-link ez-toc-heading-2\" href=\"https:\/\/navi-hotel.com\/fr\/a-propos\/#Qui_suis-je\" >Qui suis-je ?<\/a><\/li><li class='ez-toc-page-1 ez-toc-heading-level-2'><a class=\"ez-toc-link ez-toc-heading-3\" href=\"https:\/\/navi-hotel.com\/fr\/a-propos\/#Pourquoi_Navi_Hotel\" >Pourquoi Navi H\u00f4tel ?<\/a><\/li><li class='ez-toc-page-1 ez-toc-heading-level-2'><a class=\"ez-toc-link ez-toc-heading-4\" href=\"https:\/\/navi-hotel.com\/fr\/a-propos\/#Rejoignez-nous_dans_cette_aventure\" >Rejoignez-nous dans cette aventure<\/a><\/li><\/ul><\/nav><\/div>\n<h2><span class=\"ez-toc-section\" id=\"Notre_Mission\"><\/span>Notre Mission<span class=\"ez-toc-section-end\"><\/span><\/h2>\n<p>Navi H\u00f4tel a \u00e9t\u00e9 con\u00e7u avec un objectif principal : simplifier la recherche d&rsquo;h\u00f4tels pour les voyageurs du monde entier. Avec l&rsquo;abondance d&rsquo;options disponibles aujourd&rsquo;hui, choisir l&rsquo;h\u00f4tel parfait peut \u00eatre un v\u00e9ritable casse-t\u00eate. C&rsquo;est l\u00e0 que nous intervenons. Gr\u00e2ce \u00e0 nos guides d\u00e9taill\u00e9s, nous vous aidons \u00e0 trouver l&rsquo;h\u00e9bergement qui correspond parfaitement \u00e0 vos besoins, que ce soit en termes de localisation, d&rsquo;\u00e9quipements, de budget ou de type d&rsquo;exp\u00e9rience souhait\u00e9e.<\/p>\n<h2><span class=\"ez-toc-section\" id=\"Qui_suis-je\"><\/span>Qui suis-je ?<span class=\"ez-toc-section-end\"><\/span><\/h2>\n<p>Je m&rsquo;appelle Frank et je suis la force motrice derri\u00e8re Navi H\u00f4tel. Avec une carri\u00e8re en webmarketing s&rsquo;\u00e9tendant sur 30 ans, je me suis sp\u00e9cialis\u00e9 dans le d\u00e9veloppement de guides en ligne et de magazines sp\u00e9cialis\u00e9s. Mais ma v\u00e9ritable passion r\u00e9side dans le voyage. J&rsquo;ai eu le privil\u00e8ge de parcourir le monde, d&rsquo;explorer des cultures vari\u00e9es et, bien s\u00fbr, de s\u00e9journer dans de magnifiques h\u00f4tels. Ces exp\u00e9riences m&rsquo;ont inspir\u00e9 pour cr\u00e9er Navi H\u00f4tel, afin d&rsquo;aider d&rsquo;autres passionn\u00e9s de voyage comme moi \u00e0 trouver facilement leur lieu de s\u00e9jour id\u00e9al.<\/p>\n<h2><span class=\"ez-toc-section\" id=\"Pourquoi_Navi_Hotel\"><\/span>Pourquoi Navi H\u00f4tel ?<span class=\"ez-toc-section-end\"><\/span><\/h2>\n<p>Au fil des ans, j&rsquo;ai constat\u00e9 que si chaque voyageur est unique, il existe des besoins communs en mati\u00e8re d&rsquo;h\u00e9bergement. Certains cherchent le luxe, d&rsquo;autres privil\u00e9gient le c\u00f4t\u00e9 pratique, et certains veulent simplement un endroit confortable o\u00f9 se reposer apr\u00e8s une journ\u00e9e d&rsquo;exploration. Chez Navi H\u00f4tel, nous couvrons tous ces aspects, en veillant \u00e0 ce que chaque type de voyageur trouve son bonheur.<\/p>\n<h2><span class=\"ez-toc-section\" id=\"Rejoignez-nous_dans_cette_aventure\"><\/span>Rejoignez-nous dans cette aventure<span class=\"ez-toc-section-end\"><\/span><\/h2>\n<p>Navi H\u00f4tel est plus qu&rsquo;un simple guide d&rsquo;h\u00f4tels : c&rsquo;est une communaut\u00e9 de voyageurs passionn\u00e9s. Nous vous invitons \u00e0 explorer notre site, \u00e0 partager vos exp\u00e9riences et \u00e0 contribuer \u00e0 rendre la recherche d&rsquo;h\u00f4tels encore plus facile et agr\u00e9able pour tous.<\/p>\n<p>Bon voyage et bonne d\u00e9couverte avec Navi H\u00f4tel !<\/p>\n","protected":false},"excerpt":{"rendered":"<p>Bienvenue sur Navi H\u00f4tel, votre guide incontournable pour trouver et choisir l&rsquo;h\u00f4tel id\u00e9al, o\u00f9 que vous soyez dans le monde. Que vous recherchiez une escapade romantique, un s\u00e9jour en famille inoubliable, ou un h\u00e9bergement pratique lors de vos d\u00e9placements professionnels, nous sommes l\u00e0 pour vous guider vers la meilleure option. Notre Mission Navi H\u00f4tel a [&hellip;]<\/p>\n","protected":false},"author":1,"featured_media":683,"parent":0,"menu_order":0,"comment_status":"closed","ping_status":"closed","template":"","meta":{"footnotes":""},"class_list":["post-2","page","type-page","status-publish","has-post-thumbnail","hentry"],"_links":{"self":[{"href":"https:\/\/navi-hotel.com\/fr\/wp-json\/wp\/v2\/pages\/2","targetHints":{"allow":["GET"]}}],"collection":[{"href":"https:\/\/navi-hotel.com\/fr\/wp-json\/wp\/v2\/pages"}],"about":[{"href":"https:\/\/navi-hotel.com\/fr\/wp-json\/wp\/v2\/types\/page"}],"author":[{"embeddable":true,"href":"https:\/\/navi-hotel.com\/fr\/wp-json\/wp\/v2\/users\/1"}],"replies":[{"embeddable":true,"href":"https:\/\/navi-hotel.com\/fr\/wp-json\/wp\/v2\/comments?post=2"}],"version-history":[{"count":0,"href":"https:\/\/navi-hotel.com\/fr\/wp-json\/wp\/v2\/pages\/2\/revisions"}],"wp:featuredmedia":[{"embeddable":true,"href":"https:\/\/navi-hotel.com\/fr\/wp-json\/wp\/v2\/media\/683"}],"wp:attachment":[{"href":"https:\/\/navi-hotel.com\/fr\/wp-json\/wp\/v2\/media?parent=2"}],"curies":[{"name":"wp","href":"https:\/\/api.w.org\/{rel}","templated":true}]}}